{"id":38,"date":"2023-11-13T14:04:30","date_gmt":"2023-11-13T14:04:30","guid":{"rendered":"https:\/\/j-sound.ch\/?page_id=38"},"modified":"2023-11-19T21:14:51","modified_gmt":"2023-11-19T21:14:51","slug":"startseite","status":"publish","type":"page","link":"https:\/\/j-sound.ch\/","title":{"rendered":"Home"},"content":{"rendered":"\r\n<p>Musik soll nicht nur ber\u00fchren \u2013 sie darf auch Lust auf mehr bereiten. Meine Kompositionen sollen den Zugang erleichtern und als Einleitung zu gr\u00f6sseren Werken dienen; auch in der Hoffnung, dass ich mit einfachen Mitteln viele Menschen erreiche. Dabei verwende ich stilistische Mittel, die die Vorstellungskraft des Publikums anregen.<\/p>\r\n<p><em>La musique ne doit pas seulement \u00e9mouvoir &#8211; elle doit aussi donner envie d&#8217;en \u00e9couter davantage. Mes compositions visent \u00e0 faciliter l&#8217;acc\u00e8s et \u00e0 servir d&#8217;introduction \u00e0 des \u0153uvres plus importantes ; \u00e9galement dans l&#8217;espoir de toucher un grand nombre de personnes avec des moyens simples. Pour ce faire, j&#8217;utilise des moyens stylistiques qui stimulent l&#8217;imagination du public.<\/em><\/p>\r\n<p><iframe loading=\"lazy\" title=\"Adventures in a Child&#039;s Mind, Opus 1\" width=\"525\" height=\"394\" src=\"https:\/\/www.youtube.com\/embed\/umdP0L_1Bdc?feature=oembed\" frameborder=\"0\" allow=\"accelerometer; autoplay; clipboard-write; encrypted-media; gyroscope; picture-in-picture; web-share\" referrerpolicy=\"strict-origin-when-cross-origin\" allowfullscreen><\/iframe><\/p>\r\n","protected":false},"excerpt":{"rendered":"<p>Musik soll nicht nur ber\u00fchren \u2013 sie darf auch Lust auf mehr bereiten. Meine Kompositionen sollen den Zugang erleichtern und als Einleitung zu gr\u00f6sseren Werken dienen; auch in der Hoffnung, dass ich mit einfachen Mitteln viele Menschen erreiche. Dabei verwende ich stilistische Mittel, die die Vorstellungskraft des Publikums anregen. La musique ne doit pas seulement &hellip; <\/p>\n<p class=\"link-more\"><a href=\"https:\/\/j-sound.ch\/\" class=\"more-link\"><span class=\"screen-reader-text\">\u201eHome\u201c <\/span>weiterlesen<\/a><\/p>\n","protected":false},"author":1,"featured_media":0,"parent":0,"menu_order":0,"comment_status":"closed","ping_status":"closed","template":"","meta":{"footnotes":""},"class_list":["post-38","page","type-page","status-publish","hentry"],"_links":{"self":[{"href":"https:\/\/j-sound.ch\/index.php?rest_route=\/wp\/v2\/pages\/38","targetHints":{"allow":["GET"]}}],"collection":[{"href":"https:\/\/j-sound.ch\/index.php?rest_route=\/wp\/v2\/pages"}],"about":[{"href":"https:\/\/j-sound.ch\/index.php?rest_route=\/wp\/v2\/types\/page"}],"author":[{"embeddable":true,"href":"https:\/\/j-sound.ch\/index.php?rest_route=\/wp\/v2\/users\/1"}],"replies":[{"embeddable":true,"href":"https:\/\/j-sound.ch\/index.php?rest_route=%2Fwp%2Fv2%2Fcomments&post=38"}],"version-history":[{"count":10,"href":"https:\/\/j-sound.ch\/index.php?rest_route=\/wp\/v2\/pages\/38\/revisions"}],"predecessor-version":[{"id":133,"href":"https:\/\/j-sound.ch\/index.php?rest_route=\/wp\/v2\/pages\/38\/revisions\/133"}],"wp:attachment":[{"href":"https:\/\/j-sound.ch\/index.php?rest_route=%2Fwp%2Fv2%2Fmedia&parent=38"}],"curies":[{"name":"wp","href":"https:\/\/api.w.org\/{rel}","templated":true}]}}