{"id":40,"date":"2023-11-13T14:04:30","date_gmt":"2023-11-13T14:04:30","guid":{"rendered":"https:\/\/j-sound.ch\/?page_id=40"},"modified":"2023-12-20T12:54:43","modified_gmt":"2023-12-20T12:54:43","slug":"kontakt","status":"publish","type":"page","link":"https:\/\/j-sound.ch\/?page_id=40","title":{"rendered":"About"},"content":{"rendered":"\r\n<p>Meine ersten Schritte als Komponist habe ich als 18-J\u00e4hriger unternommen, als ich f\u00fcr meine Maturaarbeit ein St\u00fcck f\u00fcr Blasorchester geschrieben und aufgenommen habe. Seither hat mich das St\u00fcckeschreiben nicht mehr losgelassen.<br \/>2009 erlangte ich beim Kompositionswettbewerb der Vereinigung Freiburgischer Jungmusikanten den 3. Platz. Es folgten viele Werke f\u00fcr Blasorchester und diverse Ensembles.<br \/>Die Partitur meines Marsches \u00abJohnny Frohsinny\u00bb gibt es beim Verlag \u00abTop Score Diffusion\u00bb zu kaufen und mein Kindertanz \u00abIl est temps de danser\u00bb hat die Folkloretanzgruppe \u00abLa Farandole de Courtepin\u00bb in ihr Repertoire aufgenommen.<br \/>In Zusammenarbeit mit Bruno Wyss durfte ich auch zwei Musicals f\u00fcr Kinderchor schreiben \u2013 eines davon mit Blasorchesterbegleitung. 2022 gewann mein Kinderlied den ersten Preis der Freiburgischen Chorvereinigung. 2023 wagte ich schliesslich mit \u00abAdventures in a Child\u2019s Mind\u00bb den Schritt ins Symphonische.<br \/>Als Dirigent habe ich viele verschiedene Formationen dirigiert und so mein Studium finanziert. Dabei war ich \u00fcber zehn Jahre als Blasmusikdirigent, Chordirigent und Kinderchordirigent in der Umgebung von Freiburg t\u00e4tig. Symphonisch durfte ich bei mehreren Gelegenheiten das Prague Symphonic Ensemble \u2013 PSE leiten.<\/p>\r\n<p>Seit 2016 darf ich als Musiklehrer und Fachverantwortlicher Musik am Coll\u00e8ge Sainte-Croix in Fribourg als Lehrer und Leiter der Jazzband t\u00e4tig sein.<\/p>\r\n<p><a href=\"https:\/\/j-sound.ch\/wp-content\/uploads\/2023\/12\/2197_fotobeatrice_071223-2-scaled.jpg\"><img loading=\"lazy\" decoding=\"async\" class=\"alignnone wp-image-176 size-large\" src=\"https:\/\/j-sound.ch\/wp-content\/uploads\/2023\/12\/2197_fotobeatrice_071223-2-683x1024.jpg\" alt=\"\" width=\"525\" height=\"787\" srcset=\"https:\/\/j-sound.ch\/wp-content\/uploads\/2023\/12\/2197_fotobeatrice_071223-2-683x1024.jpg 683w, https:\/\/j-sound.ch\/wp-content\/uploads\/2023\/12\/2197_fotobeatrice_071223-2-200x300.jpg 200w, https:\/\/j-sound.ch\/wp-content\/uploads\/2023\/12\/2197_fotobeatrice_071223-2-768x1152.jpg 768w, https:\/\/j-sound.ch\/wp-content\/uploads\/2023\/12\/2197_fotobeatrice_071223-2-1024x1536.jpg 1024w, https:\/\/j-sound.ch\/wp-content\/uploads\/2023\/12\/2197_fotobeatrice_071223-2-1365x2048.jpg 1365w, https:\/\/j-sound.ch\/wp-content\/uploads\/2023\/12\/2197_fotobeatrice_071223-2-scaled.jpg 1707w\" sizes=\"auto, (max-width: 525px) 100vw, 525px\" \/><\/a><\/p>\r\n<p><em>J&#8217;ai fait mes premiers pas de compositeur \u00e0 l&#8217;\u00e2ge de 18 ans, lorsque j&#8217;ai \u00e9crit et enregistr\u00e9 une pi\u00e8ce pour orchestre d&#8217;harmonie dans le cadre de mon travail de maturit\u00e9. Depuis, l&#8217;\u00e9criture de pi\u00e8ces ne m&#8217;a plus quitt\u00e9.<\/em><br \/><em>En 2009, j&#8217;ai obtenu la troisi\u00e8me place au concours de composition de l&#8217;Association fribourgeoise des jeunes musiciens. De nombreuses \u0153uvres pour orchestre d&#8217;harmonie et divers ensembles ont suivi.<\/em><br \/><em>La partition de ma marche &#8222;Johnny Frohsinny&#8220; est en vente aux \u00e9ditions &#8222;Top Score Diffusion&#8220; et ma danse pour enfants &#8222;Il est temps de danser&#8220; a \u00e9t\u00e9 int\u00e9gr\u00e9e au r\u00e9pertoire du groupe de danse folklorique &#8222;La Farandole de Courtepin&#8220;.<\/em><br \/><em>En collaboration avec Bruno Wyss, j&#8217;ai \u00e9galement pu \u00e9crire deux com\u00e9dies musicales pour ch\u0153ur d&#8217;enfants &#8211; dont une avec accompagnement d&#8217;un orchestre d&#8217;harmonie. En 2022, ma chanson pour enfants a remport\u00e9 le premier prix de la F\u00e9d\u00e9ration Fribourgeoise des Chorales. En 2023, j&#8217;ai finalement fait le pas vers le symphonique avec &#8222;Adventures in a Child&#8217;s Mind&#8220;.<\/em><br \/><em>En tant que chef d&#8217;orchestre, j&#8217;ai dirig\u00e9 de nombreuses formations diff\u00e9rentes, ce qui m&#8217;a permis de financer mes \u00e9tudes. J&#8217;ai travaill\u00e9 pendant plus de dix ans comme chef de fanfare, chef de ch\u0153ur et chef de ch\u0153ur d&#8217;enfants dans les environs de Fribourg. Sur le plan symphonique, j&#8217;ai pu diriger \u00e0 plusieurs reprises le Prague Symphonic Ensemble &#8211; PSE.<\/em><\/p>\r\n<p><em>Depuis 2016, j&#8217;ai le plaisir d&#8217;enseigner et de diriger le jazz band au Coll\u00e8ge Sainte-Croix \u00e0 Fribourg en tant que professeur de musique et responsable de la branche musique.<\/em><\/p>\r\n","protected":false},"excerpt":{"rendered":"<p>Meine ersten Schritte als Komponist habe ich als 18-J\u00e4hriger unternommen, als ich f\u00fcr meine Maturaarbeit ein St\u00fcck f\u00fcr Blasorchester geschrieben und aufgenommen habe. Seither hat mich das St\u00fcckeschreiben nicht mehr losgelassen.2009 erlangte ich beim Kompositionswettbewerb der Vereinigung Freiburgischer Jungmusikanten den 3. Platz. Es folgten viele Werke f\u00fcr Blasorchester und diverse Ensembles.Die Partitur meines Marsches \u00abJohnny &hellip; <\/p>\n<p class=\"link-more\"><a href=\"https:\/\/j-sound.ch\/?page_id=40\" class=\"more-link\"><span class=\"screen-reader-text\">\u201eAbout\u201c <\/span>weiterlesen<\/a><\/p>\n","protected":false},"author":1,"featured_media":189,"parent":0,"menu_order":0,"comment_status":"closed","ping_status":"closed","template":"","meta":{"footnotes":""},"class_list":["post-40","page","type-page","status-publish","has-post-thumbnail","hentry"],"_links":{"self":[{"href":"https:\/\/j-sound.ch\/index.php?rest_route=\/wp\/v2\/pages\/40","targetHints":{"allow":["GET"]}}],"collection":[{"href":"https:\/\/j-sound.ch\/index.php?rest_route=\/wp\/v2\/pages"}],"about":[{"href":"https:\/\/j-sound.ch\/index.php?rest_route=\/wp\/v2\/types\/page"}],"author":[{"embeddable":true,"href":"https:\/\/j-sound.ch\/index.php?rest_route=\/wp\/v2\/users\/1"}],"replies":[{"embeddable":true,"href":"https:\/\/j-sound.ch\/index.php?rest_route=%2Fwp%2Fv2%2Fcomments&post=40"}],"version-history":[{"count":10,"href":"https:\/\/j-sound.ch\/index.php?rest_route=\/wp\/v2\/pages\/40\/revisions"}],"predecessor-version":[{"id":185,"href":"https:\/\/j-sound.ch\/index.php?rest_route=\/wp\/v2\/pages\/40\/revisions\/185"}],"wp:featuredmedia":[{"embeddable":true,"href":"https:\/\/j-sound.ch\/index.php?rest_route=\/wp\/v2\/media\/189"}],"wp:attachment":[{"href":"https:\/\/j-sound.ch\/index.php?rest_route=%2Fwp%2Fv2%2Fmedia&parent=40"}],"curies":[{"name":"wp","href":"https:\/\/api.w.org\/{rel}","templated":true}]}}