{"id":42,"date":"2023-11-13T14:04:30","date_gmt":"2023-11-13T14:04:30","guid":{"rendered":"https:\/\/j-sound.ch\/?page_id=42"},"modified":"2023-12-20T12:48:29","modified_gmt":"2023-12-20T12:48:29","slug":"ein-homepage-abschnitt","status":"publish","type":"page","link":"https:\/\/j-sound.ch\/?page_id=42","title":{"rendered":"Experience"},"content":{"rendered":"\r\n<p><strong style=\"font-size: 1rem;\">Die Musik von &#8222;Experience&#8220;:<\/strong><\/p>\r\n<p>Das Projekt &#8222;Experience&#8230;&#8220; umfasst lose symphonische Einzelwerke. Bei den t\u00e4glichen Aktivit\u00e4ten mit meinem Sohn versuche ich, die Welt mit seinen Augen zu sehen. Dort sch\u00f6pfe ich die Inspiration f\u00fcr meine Musik.<\/p>\r\n<blockquote>\r\n<p><strong>Einzigartig macht dieses Vorhaben, dass es von einem Orchester eingespielt wird. Ein Werk von Menschenhand f\u00fcr Menschen.<\/strong><\/p>\r\n<\/blockquote>\r\n<p><a href=\"https:\/\/www.youtube.com\/watch?v=umdP0L_1Bdc\" target=\"_blank\" rel=\"noopener\">Adventures in a Child&#8217;s Mind (Opus 1)<\/a> )<a href=\"https:\/\/www.youtube.com\/watch?v=umdP0L_1Bdc\" target=\"_blank\" rel=\"noopener\"><img loading=\"lazy\" decoding=\"async\" class=\"alignnone wp-image-123\" src=\"https:\/\/j-sound.ch\/wp-content\/uploads\/2023\/11\/YouTube_Logo_gif-300x188.gif\" alt=\"\" width=\"100\" height=\"63\" srcset=\"https:\/\/j-sound.ch\/wp-content\/uploads\/2023\/11\/YouTube_Logo_gif-300x188.gif 300w, https:\/\/j-sound.ch\/wp-content\/uploads\/2023\/11\/YouTube_Logo_gif-1024x640.gif 1024w, https:\/\/j-sound.ch\/wp-content\/uploads\/2023\/11\/YouTube_Logo_gif-768x480.gif 768w, https:\/\/j-sound.ch\/wp-content\/uploads\/2023\/11\/YouTube_Logo_gif-1536x960.gif 1536w\" sizes=\"auto, (max-width: 100px) 100vw, 100px\" \/><\/a><\/p>\r\n<p><br \/><a href=\"https:\/\/j-sound.ch\/wp-content\/uploads\/2023\/12\/ExperienceTheReichenbachfalls_Preview.mp3\" target=\"_blank\" rel=\"noopener\">Experience the Reichenbachfalls (Opus 2)<\/a> &#8211; in progress<\/p>\r\n<p><br \/><a href=\"https:\/\/j-sound.ch\/wp-content\/uploads\/2023\/12\/ExperienceTheJurassicHeritage_Preview.mp3\" target=\"_blank\" rel=\"noopener\">Experience the Jurassic Heritage (Opus 3)<\/a> &#8211; in progress<\/p>\r\n<p>&nbsp;<\/p>\r\n<p><strong>Was geplant ist<\/strong><\/p>\r\n<p><span data-contrast=\"none\">Stand November 2023 beabsichtige ich die Produktion von Opus 2 und 3. Die Aufnahmen werden im Studio Sme\u010dky in Prag aufgenommen, wo auch ein Grossteil aller symphonischer Musik f\u00fcr Hollywood entsteht. Eine solche Session verursacht Kosten und involviert 60 Musiker f\u00fcr vier Stunden.<\/span><span data-ccp-props=\"{&quot;201341983&quot;:0,&quot;335559739&quot;:160,&quot;335559740&quot;:259}\">\u00a0<\/span><\/p>\r\n<p><span data-contrast=\"none\">Dieses Orchester besteht aus Streichern, Holz- und Blechbl\u00e4sern, einem Dirigenten, Perkussionisten, Pauken und Harfenisten. Zus\u00e4tzlich entstehen Kosten f\u00fcr die Studioproduktion, Aufnahmetechniker, das Abmischen und Mastering, die Archivierung und Miete von speziellen Instrumenten.<\/span><span data-ccp-props=\"{&quot;201341983&quot;:0,&quot;335559739&quot;:160,&quot;335559740&quot;:259}\">\u00a0<\/span><\/p>\r\n<p><span data-contrast=\"none\">Weiter beabsichtige ich von den Einspielungen professionelle Videoaufnahmen machen zu lassen. Zuvor m\u00fcssen aber die Orchestrierung gegengelesen werden, die Partituren gedruckt und f\u00fcr die Tracks entsteht ein Grafikdesign. Wir pr\u00e4sentieren unsere Aktivit\u00e4ten auf einer Website, lassen den Vertrieb von Imusician bew\u00e4ltigen.<\/span><\/p>\r\n<p>F\u00fcr diese Aktivit\u00e4ten ben\u00f6tigen wir <a href=\"https:\/\/j-sound.ch\/index.php\/ueber-uns\/\">Support<\/a><\/p>\r\n<p>&nbsp;<\/p>\r\n<p><em><strong>La musique de &#8222;Experience&#8230;&#8220;:<\/strong><\/em><\/p>\r\n<p><em>Le projet &#8222;Experience&#8230;&#8220; comprend diff\u00e9rentes \u0153uvres symphoniques individuelles. Lors de mes activit\u00e9s quotidiennes avec mon fils, j&#8217;essaie de voir le monde \u00e0 travers ses yeux. C&#8217;est l\u00e0 que je puise l&#8217;inspiration pour ma musique.<\/em><\/p>\r\n<blockquote>\r\n<p><em><strong>Ce qui rend ce projet unique, c&#8217;est qu&#8217;il est jou\u00e9 par un orchestre. Une \u0153uvre faite par l&#8217;homme pour l&#8217;homme.<\/strong><\/em><\/p>\r\n<\/blockquote>\r\n<p><em>Adventures in a Child&#8217;s Mind (Opus 1))<a href=\"https:\/\/www.youtube.com\/watch?v=umdP0L_1Bdc\"><img loading=\"lazy\" decoding=\"async\" class=\"wp-image-123 alignnone\" src=\"https:\/\/j-sound.ch\/wp-content\/uploads\/2023\/11\/YouTube_Logo_gif-300x188.gif\" alt=\"\" width=\"54\" height=\"34\" srcset=\"https:\/\/j-sound.ch\/wp-content\/uploads\/2023\/11\/YouTube_Logo_gif-300x188.gif 300w, https:\/\/j-sound.ch\/wp-content\/uploads\/2023\/11\/YouTube_Logo_gif-1024x640.gif 1024w, https:\/\/j-sound.ch\/wp-content\/uploads\/2023\/11\/YouTube_Logo_gif-768x480.gif 768w, https:\/\/j-sound.ch\/wp-content\/uploads\/2023\/11\/YouTube_Logo_gif-1536x960.gif 1536w\" sizes=\"auto, (max-width: 54px) 100vw, 54px\" \/><\/a><\/em><br \/><em>Experience the Reichenbachfalls (Opus 2) &#8211; in progress<\/em><br \/><em>Experience the Jurassic Heritage (Opus 3) &#8211; in progress<\/em><\/p>\r\n<p><em><strong>Ce qui est pr\u00e9vu<\/strong><\/em><\/p>\r\n<p><em>En date de novembre 2023, j&#8217;ai l&#8217;intention de produire Opus 2 et 3 d&#8217;une dur\u00e9e d&#8217;environ 4 minutes chacun. Les enregistrements se feront au studio Sme\u010dky \u00e0 Prague, o\u00f9 est produite la majeure partie de la musique symphonique pour Hollywood. Une telle session a un co\u00fbt et implique 60 musiciens pendant quatre heures.<\/em><\/p>\r\n<p><em>Cet orchestre se compose de cordes, de bois et de cuivres, d&#8217;un chef d&#8217;orchestre, de percussionnistes, de timbales et de harpistes. De plus, il y a des co\u00fbts pour la production en studio, les techniciens d&#8217;enregistrement, le mixage et le mastering, l&#8217;archivage et la location d&#8217;instruments sp\u00e9ciaux.<\/em><\/p>\r\n<p><em>J&#8217;ai \u00e9galement l&#8217;intention de faire r\u00e9aliser des enregistrements vid\u00e9o professionnels. Mais avant cela, il faut relire l&#8217;orchestration, imprimer les partitions et cr\u00e9er un design graphique pour les pistes. Nous pr\u00e9sentons nos activit\u00e9s sur un site web, nous confions la distribution \u00e0 Imusician.<\/em><\/p>\r\n<p><em>Pour ces activit\u00e9s, nous avons besoin de <a href=\"https:\/\/j-sound.ch\/index.php\/ueber-uns\/\">soutien<\/a><\/em><\/p>\r\n","protected":false},"excerpt":{"rendered":"<p>Die Musik von &#8222;Experience&#8220;: Das Projekt &#8222;Experience&#8230;&#8220; umfasst lose symphonische Einzelwerke. Bei den t\u00e4glichen Aktivit\u00e4ten mit meinem Sohn versuche ich, die Welt mit seinen Augen zu sehen. Dort sch\u00f6pfe ich die Inspiration f\u00fcr meine Musik. Einzigartig macht dieses Vorhaben, dass es von einem Orchester eingespielt wird. Ein Werk von Menschenhand f\u00fcr Menschen. Adventures in a &hellip; <\/p>\n<p class=\"link-more\"><a href=\"https:\/\/j-sound.ch\/?page_id=42\" class=\"more-link\"><span class=\"screen-reader-text\">\u201eExperience\u201c <\/span>weiterlesen<\/a><\/p>\n","protected":false},"author":1,"featured_media":186,"parent":0,"menu_order":0,"comment_status":"closed","ping_status":"closed","template":"","meta":{"footnotes":""},"class_list":["post-42","page","type-page","status-publish","has-post-thumbnail","hentry"],"_links":{"self":[{"href":"https:\/\/j-sound.ch\/index.php?rest_route=\/wp\/v2\/pages\/42","targetHints":{"allow":["GET"]}}],"collection":[{"href":"https:\/\/j-sound.ch\/index.php?rest_route=\/wp\/v2\/pages"}],"about":[{"href":"https:\/\/j-sound.ch\/index.php?rest_route=\/wp\/v2\/types\/page"}],"author":[{"embeddable":true,"href":"https:\/\/j-sound.ch\/index.php?rest_route=\/wp\/v2\/users\/1"}],"replies":[{"embeddable":true,"href":"https:\/\/j-sound.ch\/index.php?rest_route=%2Fwp%2Fv2%2Fcomments&post=42"}],"version-history":[{"count":23,"href":"https:\/\/j-sound.ch\/index.php?rest_route=\/wp\/v2\/pages\/42\/revisions"}],"predecessor-version":[{"id":160,"href":"https:\/\/j-sound.ch\/index.php?rest_route=\/wp\/v2\/pages\/42\/revisions\/160"}],"wp:featuredmedia":[{"embeddable":true,"href":"https:\/\/j-sound.ch\/index.php?rest_route=\/wp\/v2\/media\/186"}],"wp:attachment":[{"href":"https:\/\/j-sound.ch\/index.php?rest_route=%2Fwp%2Fv2%2Fmedia&parent=42"}],"curies":[{"name":"wp","href":"https:\/\/api.w.org\/{rel}","templated":true}]}}